{"id":65,"date":"2017-05-22T17:17:27","date_gmt":"2017-05-22T17:17:27","guid":{"rendered":"https:\/\/refiil.esepf.pt\/?page_id=65"},"modified":"2025-09-02T16:35:12","modified_gmt":"2025-09-02T16:35:12","slug":"repositorio","status":"publish","type":"page","link":"https:\/\/refiil.esepf.pt\/?page_id=65","title":{"rendered":"Reposit\u00f3rio"},"content":{"rendered":"\t\t<div data-elementor-type=\"wp-page\" data-elementor-id=\"65\" class=\"elementor elementor-65\">\n\t\t\t\t\t\t<div class=\"elementor-inner\">\n\t\t\t\t<div class=\"elementor-section-wrap\">\n\t\t\t\t\t\t\t\t\t<section class=\"elementor-section elementor-top-section elementor-element elementor-element-4625f6e elementor-section-boxed elementor-section-height-default elementor-section-height-default\" data-id=\"4625f6e\" data-element_type=\"section\">\n\t\t\t\t\t\t<div class=\"elementor-container elementor-column-gap-default\">\n\t\t\t\t\t\t\t<div class=\"elementor-row\">\n\t\t\t\t\t<div class=\"elementor-column elementor-col-100 elementor-top-column elementor-element elementor-element-46599ed\" data-id=\"46599ed\" data-element_type=\"column\">\n\t\t\t<div class=\"elementor-column-wrap elementor-element-populated\">\n\t\t\t\t\t\t\t<div class=\"elementor-widget-wrap\">\n\t\t\t\t\t\t<div class=\"elementor-element elementor-element-8f1f431 elementor-widget elementor-widget-heading\" data-id=\"8f1f431\" data-element_type=\"widget\" data-widget_type=\"heading.default\">\n\t\t\t\t<div class=\"elementor-widget-container\">\n\t\t\t<h2 class=\"elementor-heading-title elementor-size-default\"><h1><b>Investiga\u00e7\u00e3o<h1><\/h2>\t\t<\/div>\n\t\t\t\t<\/div>\n\t\t\t\t\t\t<\/div>\n\t\t\t\t\t<\/div>\n\t\t<\/div>\n\t\t\t\t\t\t\t\t<\/div>\n\t\t\t\t\t<\/div>\n\t\t<\/section>\n\t\t\t\t<section class=\"elementor-section elementor-top-section elementor-element elementor-element-1b4b624 elementor-section-boxed elementor-section-height-default elementor-section-height-default\" data-id=\"1b4b624\" data-element_type=\"section\">\n\t\t\t\t\t\t<div class=\"elementor-container elementor-column-gap-default\">\n\t\t\t\t\t\t\t<div class=\"elementor-row\">\n\t\t\t\t\t<div class=\"elementor-column elementor-col-100 elementor-top-column elementor-element elementor-element-6d141ab\" data-id=\"6d141ab\" data-element_type=\"column\">\n\t\t\t<div class=\"elementor-column-wrap\">\n\t\t\t\t\t\t\t<div class=\"elementor-widget-wrap\">\n\t\t\t\t\t\t\t\t<\/div>\n\t\t\t\t\t<\/div>\n\t\t<\/div>\n\t\t\t\t\t\t\t\t<\/div>\n\t\t\t\t\t<\/div>\n\t\t<\/section>\n\t\t\t\t<section class=\"elementor-section elementor-top-section elementor-element elementor-element-gcwkimo elementor-section-boxed elementor-section-height-default elementor-section-height-default\" data-id=\"gcwkimo\" data-element_type=\"section\">\n\t\t\t\t\t\t<div class=\"elementor-container elementor-column-gap-default\">\n\t\t\t\t\t\t\t<div class=\"elementor-row\">\n\t\t\t\t\t<div class=\"elementor-column elementor-col-100 elementor-top-column elementor-element elementor-element-guxknhx\" data-id=\"guxknhx\" data-element_type=\"column\">\n\t\t\t<div class=\"elementor-column-wrap elementor-element-populated\">\n\t\t\t\t\t\t\t<div class=\"elementor-widget-wrap\">\n\t\t\t\t\t\t<div class=\"elementor-element elementor-element-kdablki elementor-widget elementor-widget-text-editor\" data-id=\"kdablki\" data-element_type=\"widget\" data-widget_type=\"text-editor.default\">\n\t\t\t\t<div class=\"elementor-widget-container\">\n\t\t\t\t\t\t\t\t<div class=\"elementor-text-editor elementor-clearfix\">\n\t\t\t\t\t\t\t\t\t<\/div>\n\t\t\t\t\t\t<\/div>\n\t\t\t\t<\/div>\n\t\t\t\t\t\t<\/div>\n\t\t\t\t\t<\/div>\n\t\t<\/div>\n\t\t\t\t\t\t\t\t<\/div>\n\t\t\t\t\t<\/div>\n\t\t<\/section>\n\t\t\t\t<section class=\"elementor-section elementor-top-section elementor-element elementor-element-lk0oppk elementor-section-boxed elementor-section-height-default elementor-section-height-default\" data-id=\"lk0oppk\" data-element_type=\"section\">\n\t\t\t\t\t\t<div class=\"elementor-container elementor-column-gap-default\">\n\t\t\t\t\t\t\t<div class=\"elementor-row\">\n\t\t\t\t\t<div class=\"elementor-column elementor-col-100 elementor-top-column elementor-element elementor-element-9ok4btt\" data-id=\"9ok4btt\" data-element_type=\"column\">\n\t\t\t<div class=\"elementor-column-wrap elementor-element-populated\">\n\t\t\t\t\t\t\t<div class=\"elementor-widget-wrap\">\n\t\t\t\t\t\t<div class=\"elementor-element elementor-element-356daf4 elementor-widget elementor-widget-text-editor\" data-id=\"356daf4\" data-element_type=\"widget\" data-widget_type=\"text-editor.default\">\n\t\t\t\t<div class=\"elementor-widget-container\">\n\t\t\t\t\t\t\t\t<div class=\"elementor-text-editor elementor-clearfix\">\n\t\t\t\t<p style=\"text-align: justify;\">No <strong><a href=\"http:\/\/repositorio.esepf.pt\/\">Reposit\u00f3rio Institucional <\/a><\/strong>da Escola Superior de Educa\u00e7\u00e3o de Paula Frassinetti (ESEPF) encontra-se uma vasta cole\u00e7\u00e3o referente \u00e0 \u00e1rea da Educa\u00e7\u00e3o especial, com mais de 1000 documentos, desde teses de mestrado, projetos de investiga\u00e7\u00e3o de P\u00f3s-Gradua\u00e7\u00e3o a artigos publicados pelos docentes do Departamento de Educa\u00e7\u00e3o Especial e Psicologia da ESEPF.<\/p><p>\u00a0<\/p><p style=\"text-align: justify;\">Para pesquisar basta clicar no tema desejado:<\/p><ul><li><strong><a href=\"http:\/\/repositorio.esepf.pt\/simple-search?location=&amp;query=&amp;rpp=25&amp;sort_by=dc.date.issued_dt&amp;order=DESC&amp;etal=0&amp;submit_search=Actualizar\">Educa\u00e7\u00e3o Especial<\/a><\/strong><\/li><li><strong><a href=\"http:\/\/repositorio.esepf.pt\/simple-search?location=%2F&amp;query=Hiperatividade&amp;rpp=25&amp;sort_by=dc.date.issued_dt&amp;order=desc&amp;filter_field_1=subject&amp;filter_type_1=contains&amp;filter_value_1=Hiperatividade\">Hiperatividade<\/a><\/strong><\/li><li><strong><a href=\"http:\/\/repositorio.esepf.pt\/simple-search?location=&amp;query=autismo&amp;filtername=subject&amp;filtertype=contains&amp;filterquery=autismo&amp;rpp=25&amp;sort_by=dc.date.issued_dt&amp;order=desc\">Autismo \/ Sindrome de Asperger<\/a><\/strong><\/li><li><strong><a href=\"http:\/\/repositorio.esepf.pt\/simple-search?location=%2F&amp;query=dislexia&amp;rpp=25&amp;sort_by=dc.date.issued_dt&amp;order=desc&amp;filter_field_1=subject&amp;filter_type_1=contains&amp;filter_value_1=dislexia\">Dislexia<\/a><\/strong><\/li><li><strong><a href=\"http:\/\/repositorio.esepf.pt\/simple-search?location=%2F&amp;query=disortografia&amp;rpp=25&amp;sort_by=dc.date.issued_dt&amp;order=desc&amp;filter_field_1=subject&amp;filter_type_1=contains&amp;filter_value_1=disortografia\">Disortografia<\/a><\/strong><\/li><li><strong><a href=\"http:\/\/repositorio.esepf.pt\/simple-search?location=&amp;query=perturba%C3%A7%C3%B5es+aprendizagem&amp;rpp=25&amp;sort_by=score&amp;order=DESC&amp;etal=0&amp;submit_search=Actualizar\">Perturba\u00e7\u00f5es de aprendizagem Especificas<\/a>\u00a0<\/strong><\/li><li><strong><a href=\"http:\/\/repositorio.esepf.pt\/simple-search?location=%2F&amp;query=surdez&amp;rpp=10&amp;sort_by=score&amp;order=desc\">Surdez<\/a><\/strong><\/li><li><strong><a href=\"http:\/\/repositorio.esepf.pt\/simple-search?location=%2F&amp;query=tecnologias+educativas&amp;rpp=10&amp;sort_by=score&amp;order=desc\">TIC na Educa\u00e7\u00e3o<\/a><\/strong><\/li><li><strong><a href=\"http:\/\/repositorio.esepf.pt\/simple-search?location=%2F&amp;query=comunica%C3%A7%C3%A3o+aumentativa+alternativa&amp;rpp=10&amp;sort_by=score&amp;order=desc\">Comunica\u00e7\u00e3o Aumentativa Alternativa<\/a><\/strong><\/li><li><strong><a href=\"http:\/\/repositorio.esepf.pt\/simple-search?location=%2F&amp;query=sobredota%C3%A7%C3%A3o&amp;rpp=10&amp;sort_by=score&amp;order=desc\">Sobredota\u00e7\u00e3o<\/a><\/strong><\/li><li><strong><a href=\"http:\/\/repositorio.esepf.pt\/simple-search?location=%2F&amp;query=dificuldades+intelectuais&amp;rpp=10&amp;sort_by=score&amp;order=desc\">Incapacidades Intelectuais (DID)<\/a><\/strong><\/li><\/ul><p style=\"padding-left: 60px;\">\u00a0<\/p>\t\t\t\t\t<\/div>\n\t\t\t\t\t\t<\/div>\n\t\t\t\t<\/div>\n\t\t\t\t\t\t<\/div>\n\t\t\t\t\t<\/div>\n\t\t<\/div>\n\t\t\t\t\t\t\t\t<\/div>\n\t\t\t\t\t<\/div>\n\t\t<\/section>\n\t\t\t\t\t\t\t\t\t<\/div>\n\t\t\t<\/div>\n\t\t\t\t\t<\/div>\n\t\t","protected":false},"excerpt":{"rendered":"<p>Investiga\u00e7\u00e3o No Reposit\u00f3rio Institucional da Escola Superior de Educa\u00e7\u00e3o de Paula Frassinetti (ESEPF) encontra-se uma vasta cole\u00e7\u00e3o referente \u00e0 \u00e1rea da Educa\u00e7\u00e3o especial, com mais de 1000 documentos, desde teses de mestrado, projetos de investiga\u00e7\u00e3o de P\u00f3s-Gradua\u00e7\u00e3o a artigos publicados pelos docentes do Departamento de Educa\u00e7\u00e3o Especial e Psicologia da ESEPF. \u00a0 Para pesquisar basta&#8230;<\/p>\n","protected":false},"author":2,"featured_media":0,"parent":0,"menu_order":0,"comment_status":"closed","ping_status":"closed","template":"full-width-page.php","meta":[],"_links":{"self":[{"href":"https:\/\/refiil.esepf.pt\/index.php?rest_route=\/wp\/v2\/pages\/65"}],"collection":[{"href":"https:\/\/refiil.esepf.pt\/index.php?rest_route=\/wp\/v2\/pages"}],"about":[{"href":"https:\/\/refiil.esepf.pt\/index.php?rest_route=\/wp\/v2\/types\/page"}],"author":[{"embeddable":true,"href":"https:\/\/refiil.esepf.pt\/index.php?rest_route=\/wp\/v2\/users\/2"}],"replies":[{"embeddable":true,"href":"https:\/\/refiil.esepf.pt\/index.php?rest_route=%2Fwp%2Fv2%2Fcomments&post=65"}],"version-history":[{"count":33,"href":"https:\/\/refiil.esepf.pt\/index.php?rest_route=\/wp\/v2\/pages\/65\/revisions"}],"predecessor-version":[{"id":1863,"href":"https:\/\/refiil.esepf.pt\/index.php?rest_route=\/wp\/v2\/pages\/65\/revisions\/1863"}],"wp:attachment":[{"href":"https:\/\/refiil.esepf.pt\/index.php?rest_route=%2Fwp%2Fv2%2Fmedia&parent=65"}],"curies":[{"name":"wp","href":"https:\/\/api.w.org\/{rel}","templated":true}]}}