{"id":621,"date":"2017-07-07T11:18:12","date_gmt":"2017-07-07T11:18:12","guid":{"rendered":"https:\/\/refiil.esepf.pt\/?page_id=621"},"modified":"2025-09-02T16:38:01","modified_gmt":"2025-09-02T16:38:01","slug":"formacao","status":"publish","type":"page","link":"https:\/\/refiil.esepf.pt\/?page_id=621","title":{"rendered":"FORMA\u00c7\u00c3O"},"content":{"rendered":"\t\t<div data-elementor-type=\"wp-page\" data-elementor-id=\"621\" class=\"elementor elementor-621\">\n\t\t\t\t\t\t<div class=\"elementor-inner\">\n\t\t\t\t<div class=\"elementor-section-wrap\">\n\t\t\t\t\t\t\t\t\t<section class=\"elementor-section elementor-top-section elementor-element elementor-element-272b5492 elementor-section-boxed elementor-section-height-default elementor-section-height-default\" data-id=\"272b5492\" data-element_type=\"section\">\n\t\t\t\t\t\t<div class=\"elementor-container elementor-column-gap-default\">\n\t\t\t\t\t\t\t<div class=\"elementor-row\">\n\t\t\t\t\t<div class=\"elementor-column elementor-col-100 elementor-top-column elementor-element elementor-element-35fa5c91\" data-id=\"35fa5c91\" data-element_type=\"column\">\n\t\t\t<div class=\"elementor-column-wrap elementor-element-populated\">\n\t\t\t\t\t\t\t<div class=\"elementor-widget-wrap\">\n\t\t\t\t\t\t<div class=\"elementor-element elementor-element-37071787 elementor-widget elementor-widget-heading\" data-id=\"37071787\" data-element_type=\"widget\" data-widget_type=\"heading.default\">\n\t\t\t\t<div class=\"elementor-widget-container\">\n\t\t\t<h2 class=\"elementor-heading-title elementor-size-default\"><h1><b>A\u00e7\u00f5es de Forma\u00e7\u00e3o <\/b><\/h1><\/h2>\t\t<\/div>\n\t\t\t\t<\/div>\n\t\t\t\t\t\t<\/div>\n\t\t\t\t\t<\/div>\n\t\t<\/div>\n\t\t\t\t\t\t\t\t<\/div>\n\t\t\t\t\t<\/div>\n\t\t<\/section>\n\t\t\t\t<section class=\"elementor-section elementor-top-section elementor-element elementor-element-26f5c7a8 elementor-section-boxed elementor-section-height-default elementor-section-height-default\" data-id=\"26f5c7a8\" data-element_type=\"section\">\n\t\t\t\t\t\t<div class=\"elementor-container elementor-column-gap-default\">\n\t\t\t\t\t\t\t<div class=\"elementor-row\">\n\t\t\t\t\t<div class=\"elementor-column elementor-col-100 elementor-top-column elementor-element elementor-element-25e0204c\" data-id=\"25e0204c\" data-element_type=\"column\">\n\t\t\t<div class=\"elementor-column-wrap elementor-element-populated\">\n\t\t\t\t\t\t\t<div class=\"elementor-widget-wrap\">\n\t\t\t\t\t\t<div class=\"elementor-element elementor-element-2984f882 elementor-widget elementor-widget-text-editor\" data-id=\"2984f882\" data-element_type=\"widget\" data-widget_type=\"text-editor.default\">\n\t\t\t\t<div class=\"elementor-widget-container\">\n\t\t\t\t\t\t\t\t<div class=\"elementor-text-editor elementor-clearfix\">\n\t\t\t\t<p>Aqui podem ser consultadas a\u00e7\u00f5es de forma\u00e7\u00e3o na \u00e1rea da educa\u00e7\u00e3o especial<\/p>\t\t\t\t\t<\/div>\n\t\t\t\t\t\t<\/div>\n\t\t\t\t<\/div>\n\t\t\t\t\t\t<\/div>\n\t\t\t\t\t<\/div>\n\t\t<\/div>\n\t\t\t\t\t\t\t\t<\/div>\n\t\t\t\t\t<\/div>\n\t\t<\/section>\n\t\t\t\t<section class=\"elementor-section elementor-top-section elementor-element elementor-element-aa48b91 elementor-section-boxed elementor-section-height-default elementor-section-height-default\" data-id=\"aa48b91\" data-element_type=\"section\">\n\t\t\t\t\t\t<div class=\"elementor-container elementor-column-gap-default\">\n\t\t\t\t\t\t\t<div class=\"elementor-row\">\n\t\t\t\t\t<div class=\"elementor-column elementor-col-100 elementor-top-column elementor-element elementor-element-cd962ca\" data-id=\"cd962ca\" data-element_type=\"column\">\n\t\t\t<div class=\"elementor-column-wrap elementor-element-populated\">\n\t\t\t\t\t\t\t<div class=\"elementor-widget-wrap\">\n\t\t\t\t\t\t<div class=\"elementor-element elementor-element-4838276 elementor-widget elementor-widget-text-editor\" data-id=\"4838276\" data-element_type=\"widget\" data-widget_type=\"text-editor.default\">\n\t\t\t\t<div class=\"elementor-widget-container\">\n\t\t\t\t\t\t\t\t<div class=\"elementor-text-editor elementor-clearfix\">\n\t\t\t\t<h2><strong>Forma\u00e7\u00e3o Acreditada Presencial para docentes:<\/strong><\/h2>\t\t\t\t\t<\/div>\n\t\t\t\t\t\t<\/div>\n\t\t\t\t<\/div>\n\t\t\t\t\t\t<\/div>\n\t\t\t\t\t<\/div>\n\t\t<\/div>\n\t\t\t\t\t\t\t\t<\/div>\n\t\t\t\t\t<\/div>\n\t\t<\/section>\n\t\t\t\t<section class=\"elementor-section elementor-top-section elementor-element elementor-element-xkwnwsq elementor-section-boxed elementor-section-height-default elementor-section-height-default\" data-id=\"xkwnwsq\" data-element_type=\"section\">\n\t\t\t\t\t\t<div class=\"elementor-container elementor-column-gap-default\">\n\t\t\t\t\t\t\t<div class=\"elementor-row\">\n\t\t\t\t\t<div class=\"elementor-column elementor-col-100 elementor-top-column elementor-element elementor-element-yx26n9c\" data-id=\"yx26n9c\" data-element_type=\"column\">\n\t\t\t<div class=\"elementor-column-wrap elementor-element-populated\">\n\t\t\t\t\t\t\t<div class=\"elementor-widget-wrap\">\n\t\t\t\t\t\t<div class=\"elementor-element elementor-element-97k488j elementor-widget elementor-widget-toggle\" data-id=\"97k488j\" data-element_type=\"widget\" data-widget_type=\"toggle.default\">\n\t\t\t\t<div class=\"elementor-widget-container\">\n\t\t\t\t\t<div class=\"elementor-toggle\" role=\"tablist\">\n\t\t\t\t\t\t\t<div class=\"elementor-toggle-item\">\n\t\t\t\t\t<div id=\"elementor-tab-title-6191\" class=\"elementor-tab-title\" data-tab=\"1\" role=\"tab\" aria-controls=\"elementor-tab-content-6191\" aria-expanded=\"false\">\n\t\t\t\t\t\t\t\t\t\t\t\t<span class=\"elementor-toggle-icon elementor-toggle-icon-left\" aria-hidden=\"true\">\n\t\t\t\t\t\t\t\t\t\t\t\t\t\t\t<span class=\"elementor-toggle-icon-closed\"><i class=\"fas fa-caret-right\"><\/i><\/span>\n\t\t\t\t\t\t\t\t<span class=\"elementor-toggle-icon-opened\"><i class=\"elementor-toggle-icon-opened fas fa-caret-up\"><\/i><\/span>\n\t\t\t\t\t\t\t\t\t\t\t\t\t<\/span>\n\t\t\t\t\t\t\t\t\t\t\t\t<a href=\"\" class=\"elementor-toggle-title\">Alunos com Capacidades e Talentos Superiores - Interven\u00e7\u00e3o Pedag\u00f3gica<\/a>\n\t\t\t\t\t<\/div>\n\n\t\t\t\t\t<div id=\"elementor-tab-content-6191\" class=\"elementor-tab-content elementor-clearfix\" data-tab=\"1\" role=\"tabpanel\" aria-labelledby=\"elementor-tab-title-6191\"><p><strong>Destinat\u00e1rios:<\/strong>\u00a0Educadores de Inf\u00e2ncia, Professores dos 1\u00ba,2\u00ba,3\u00ba Ciclo do Ensino B\u00e1sico, Secund\u00e1rio e Professores de Educa\u00e7\u00e3o Especial<\/p><p><strong>Formadora:<\/strong>\u00a0Helena Serra<\/p><p><strong>Local:<\/strong> Escola Superior de Educa\u00e7\u00e3o de Paula Frassinetti<\/p><p><strong>Credita\u00e7\u00e3o:<\/strong> 1 crd.<\/p><p><strong>Pre\u00e7o:<\/strong> 100\u20ac<\/p><\/div>\n\t\t\t\t<\/div>\n\t\t\t\t\t\t\t<div class=\"elementor-toggle-item\">\n\t\t\t\t\t<div id=\"elementor-tab-title-6192\" class=\"elementor-tab-title\" data-tab=\"2\" role=\"tab\" aria-controls=\"elementor-tab-content-6192\" aria-expanded=\"false\">\n\t\t\t\t\t\t\t\t\t\t\t\t<span class=\"elementor-toggle-icon elementor-toggle-icon-left\" aria-hidden=\"true\">\n\t\t\t\t\t\t\t\t\t\t\t\t\t\t\t<span class=\"elementor-toggle-icon-closed\"><i class=\"fas fa-caret-right\"><\/i><\/span>\n\t\t\t\t\t\t\t\t<span class=\"elementor-toggle-icon-opened\"><i class=\"elementor-toggle-icon-opened fas fa-caret-up\"><\/i><\/span>\n\t\t\t\t\t\t\t\t\t\t\t\t\t<\/span>\n\t\t\t\t\t\t\t\t\t\t\t\t<a href=\"\" class=\"elementor-toggle-title\">Dislexia: Interven\u00e7\u00e3o Psicopedag\u00f3gica Diferenciada<\/a>\n\t\t\t\t\t<\/div>\n\n\t\t\t\t\t<div id=\"elementor-tab-content-6192\" class=\"elementor-tab-content elementor-clearfix\" data-tab=\"2\" role=\"tabpanel\" aria-labelledby=\"elementor-tab-title-6192\"><p><strong>Destinat\u00e1rios:<\/strong>\u00a0Educadores de Inf\u00e2ncia, Professores dos 1\u00ba,2\u00ba,3\u00ba Ciclo do Ensino B\u00e1sico, Secund\u00e1rio e Professores de Educa\u00e7\u00e3o Especial<\/p><p><strong>Formadora:<\/strong>\u00a0Helena Serra<\/p><p><strong>Local:<\/strong>\u00a0Escola Superior de Educa\u00e7\u00e3o de Paula Frassinetti<\/p><p><strong>Credita\u00e7\u00e3o:<\/strong>\u00a01 crd.<\/p><p><strong>Pre\u00e7o:<\/strong>\u00a0100\u20ac<\/p><\/div>\n\t\t\t\t<\/div>\n\t\t\t\t\t\t\t\t<\/div>\n\t\t\t\t<\/div>\n\t\t\t\t<\/div>\n\t\t\t\t\t\t<\/div>\n\t\t\t\t\t<\/div>\n\t\t<\/div>\n\t\t\t\t\t\t\t\t<\/div>\n\t\t\t\t\t<\/div>\n\t\t<\/section>\n\t\t\t\t<section class=\"elementor-section elementor-top-section elementor-element elementor-element-abb9608 elementor-section-boxed elementor-section-height-default elementor-section-height-default\" data-id=\"abb9608\" data-element_type=\"section\">\n\t\t\t\t\t\t<div class=\"elementor-container elementor-column-gap-default\">\n\t\t\t\t\t\t\t<div class=\"elementor-row\">\n\t\t\t\t\t<div class=\"elementor-column elementor-col-100 elementor-top-column elementor-element elementor-element-8808586\" data-id=\"8808586\" data-element_type=\"column\">\n\t\t\t<div class=\"elementor-column-wrap elementor-element-populated\">\n\t\t\t\t\t\t\t<div class=\"elementor-widget-wrap\">\n\t\t\t\t\t\t<div class=\"elementor-element elementor-element-4cfc3bc elementor-widget elementor-widget-spacer\" data-id=\"4cfc3bc\" data-element_type=\"widget\" data-widget_type=\"spacer.default\">\n\t\t\t\t<div class=\"elementor-widget-container\">\n\t\t\t\t\t<div class=\"elementor-spacer\">\n\t\t\t<div class=\"elementor-spacer-inner\"><\/div>\n\t\t<\/div>\n\t\t\t\t<\/div>\n\t\t\t\t<\/div>\n\t\t\t\t\t\t<\/div>\n\t\t\t\t\t<\/div>\n\t\t<\/div>\n\t\t\t\t\t\t\t\t<\/div>\n\t\t\t\t\t<\/div>\n\t\t<\/section>\n\t\t\t\t\t\t\t\t\t<\/div>\n\t\t\t<\/div>\n\t\t\t\t\t<\/div>\n\t\t","protected":false},"excerpt":{"rendered":"<p>A\u00e7\u00f5es de Forma\u00e7\u00e3o Aqui podem ser consultadas a\u00e7\u00f5es de forma\u00e7\u00e3o na \u00e1rea da educa\u00e7\u00e3o especial Forma\u00e7\u00e3o Acreditada Presencial para docentes: Alunos com Capacidades e Talentos Superiores &#8211; Interven\u00e7\u00e3o Pedag\u00f3gica Destinat\u00e1rios:\u00a0Educadores de Inf\u00e2ncia, Professores dos 1\u00ba,2\u00ba,3\u00ba Ciclo do Ensino B\u00e1sico, Secund\u00e1rio e Professores de Educa\u00e7\u00e3o Especial Formadora:\u00a0Helena Serra Local: Escola Superior de Educa\u00e7\u00e3o de Paula Frassinetti&#8230;<\/p>\n","protected":false},"author":2,"featured_media":0,"parent":0,"menu_order":0,"comment_status":"closed","ping_status":"closed","template":"","meta":[],"_links":{"self":[{"href":"https:\/\/refiil.esepf.pt\/index.php?rest_route=\/wp\/v2\/pages\/621"}],"collection":[{"href":"https:\/\/refiil.esepf.pt\/index.php?rest_route=\/wp\/v2\/pages"}],"about":[{"href":"https:\/\/refiil.esepf.pt\/index.php?rest_route=\/wp\/v2\/types\/page"}],"author":[{"embeddable":true,"href":"https:\/\/refiil.esepf.pt\/index.php?rest_route=\/wp\/v2\/users\/2"}],"replies":[{"embeddable":true,"href":"https:\/\/refiil.esepf.pt\/index.php?rest_route=%2Fwp%2Fv2%2Fcomments&post=621"}],"version-history":[{"count":18,"href":"https:\/\/refiil.esepf.pt\/index.php?rest_route=\/wp\/v2\/pages\/621\/revisions"}],"predecessor-version":[{"id":1866,"href":"https:\/\/refiil.esepf.pt\/index.php?rest_route=\/wp\/v2\/pages\/621\/revisions\/1866"}],"wp:attachment":[{"href":"https:\/\/refiil.esepf.pt\/index.php?rest_route=%2Fwp%2Fv2%2Fmedia&parent=621"}],"curies":[{"name":"wp","href":"https:\/\/api.w.org\/{rel}","templated":true}]}}