{"id":58,"date":"2017-05-20T13:46:41","date_gmt":"2017-05-20T13:46:41","guid":{"rendered":"https:\/\/refiil.esepf.pt\/?page_id=58"},"modified":"2025-09-02T14:56:30","modified_gmt":"2025-09-02T14:56:30","slug":"legislacao","status":"publish","type":"page","link":"https:\/\/refiil.esepf.pt\/?page_id=58","title":{"rendered":"LEGISLA\u00c7\u00c3O"},"content":{"rendered":"\t\t<div data-elementor-type=\"wp-page\" data-elementor-id=\"58\" class=\"elementor elementor-58\">\n\t\t\t\t\t\t<div class=\"elementor-inner\">\n\t\t\t\t<div class=\"elementor-section-wrap\">\n\t\t\t\t\t\t\t\t\t<section class=\"elementor-section elementor-top-section elementor-element elementor-element-23cf3c71 elementor-section-boxed elementor-section-height-default elementor-section-height-default\" data-id=\"23cf3c71\" data-element_type=\"section\">\n\t\t\t\t\t\t<div class=\"elementor-container elementor-column-gap-default\">\n\t\t\t\t\t\t\t<div class=\"elementor-row\">\n\t\t\t\t\t<div class=\"elementor-column elementor-col-100 elementor-top-column elementor-element elementor-element-68d1aef8\" data-id=\"68d1aef8\" data-element_type=\"column\">\n\t\t\t<div class=\"elementor-column-wrap elementor-element-populated\">\n\t\t\t\t\t\t\t<div class=\"elementor-widget-wrap\">\n\t\t\t\t\t\t<div class=\"elementor-element elementor-element-6527084b elementor-widget elementor-widget-heading\" data-id=\"6527084b\" data-element_type=\"widget\" data-widget_type=\"heading.default\">\n\t\t\t\t<div class=\"elementor-widget-container\">\n\t\t\t<h2 class=\"elementor-heading-title elementor-size-default\"><h1><b>Legisla\u00e7\u00e3o<\/b><\/h1><\/h2>\t\t<\/div>\n\t\t\t\t<\/div>\n\t\t\t\t\t\t<\/div>\n\t\t\t\t\t<\/div>\n\t\t<\/div>\n\t\t\t\t\t\t\t\t<\/div>\n\t\t\t\t\t<\/div>\n\t\t<\/section>\n\t\t\t\t<section class=\"elementor-section elementor-top-section elementor-element elementor-element-4c4197df elementor-section-boxed elementor-section-height-default elementor-section-height-default\" data-id=\"4c4197df\" data-element_type=\"section\">\n\t\t\t\t\t\t<div class=\"elementor-container elementor-column-gap-default\">\n\t\t\t\t\t\t\t<div class=\"elementor-row\">\n\t\t\t\t\t<div class=\"elementor-column elementor-col-100 elementor-top-column elementor-element elementor-element-2060953d\" data-id=\"2060953d\" data-element_type=\"column\">\n\t\t\t<div class=\"elementor-column-wrap elementor-element-populated\">\n\t\t\t\t\t\t\t<div class=\"elementor-widget-wrap\">\n\t\t\t\t\t\t<div class=\"elementor-element elementor-element-4e0cdebf elementor-widget elementor-widget-text-editor\" data-id=\"4e0cdebf\" data-element_type=\"widget\" data-widget_type=\"text-editor.default\">\n\t\t\t\t<div class=\"elementor-widget-container\">\n\t\t\t\t\t\t\t\t<div class=\"elementor-text-editor elementor-clearfix\">\n\t\t\t\t<h3>Pode consultar, aqui, a Legisla\u00e7\u00e3o mais relevante para a \u00e1rea da Educa\u00e7\u00e3o especial<\/h3>\t\t\t\t\t<\/div>\n\t\t\t\t\t\t<\/div>\n\t\t\t\t<\/div>\n\t\t\t\t\t\t<\/div>\n\t\t\t\t\t<\/div>\n\t\t<\/div>\n\t\t\t\t\t\t\t\t<\/div>\n\t\t\t\t\t<\/div>\n\t\t<\/section>\n\t\t\t\t<section class=\"elementor-section elementor-top-section elementor-element elementor-element-34309a13 elementor-section-boxed elementor-section-height-default elementor-section-height-default\" data-id=\"34309a13\" data-element_type=\"section\">\n\t\t\t\t\t\t<div class=\"elementor-container elementor-column-gap-default\">\n\t\t\t\t\t\t\t<div class=\"elementor-row\">\n\t\t\t\t\t<div class=\"elementor-column elementor-col-100 elementor-top-column elementor-element elementor-element-42826796\" data-id=\"42826796\" data-element_type=\"column\">\n\t\t\t<div class=\"elementor-column-wrap elementor-element-populated\">\n\t\t\t\t\t\t\t<div class=\"elementor-widget-wrap\">\n\t\t\t\t\t\t<div class=\"elementor-element elementor-element-e18c7e2 elementor-widget elementor-widget-text-editor\" data-id=\"e18c7e2\" data-element_type=\"widget\" data-widget_type=\"text-editor.default\">\n\t\t\t\t<div class=\"elementor-widget-container\">\n\t\t\t\t\t\t\t\t<div class=\"elementor-text-editor elementor-clearfix\">\n\t\t\t\t<div class=\"field__item even\"><p style=\"text-align: justify;\"><a href=\"https:\/\/dre.pt\/application\/file\/675110\"><strong>Portaria N.\u00ba 1102\/97, 3 novembro<\/strong><\/a><br \/>Garante as condi\u00e7\u00f5es de educa\u00e7\u00e3o para os alunos que frequentam as associa\u00e7\u00f5es e cooperativas de ensino especial<\/p><p style=\"text-align: justify;\"><a href=\"https:\/\/dre.pt\/application\/file\/675114\"><strong>Portaria N.\u00ba 1103\/97, 3 novembro<\/strong><\/a><br \/>Garante as condi\u00e7\u00f5es de educa\u00e7\u00e3o especial em estabelecimentos de ensino particular<\/p><p style=\"text-align: justify;\"><a href=\"https:\/\/dre.pt\/application\/file\/386935\"><strong>D.L. N.\u00ba 3\/2008, 7 janeiro<\/strong>\u00a0<\/a><br \/>Define os apoios especializados a prestar na educa\u00e7\u00e3o pr\u00e9 -escolar e nos ensinos b\u00e1sico e secund\u00e1rio dos sectores p\u00fablico, particular e cooperativo<\/p><p style=\"text-align: justify;\"><a href=\"https:\/\/dre.pt\/application\/file\/249150\"><strong>Lei N.\u00ba 21\/2008, 12 maio<\/strong><\/a><br \/>Primeira altera\u00e7\u00e3o, por aprecia\u00e7\u00e3o parlamentar, ao Decreto-Lei n.\u00ba 3\/2008, de 7 de Janeiro, que define os apoios especializados a prestar na educa\u00e7\u00e3o pr\u00e9-escolar e nos ensinos b\u00e1sico e secund\u00e1rio dos sectores p\u00fablico, particular e cooperativo<\/p><p style=\"text-align: justify;\"><a href=\"https:\/\/dre.pt\/application\/file\/603804\"><strong>D.L. N.\u00ba 93\/2009, 16 abril<\/strong><\/a><br \/>Aprova o sistema de atribui\u00e7\u00e3o de produtos de apoio a pessoas com defici\u00eancia e a pessoas com incapacidade tempor\u00e1ria<\/p><p style=\"text-align: justify;\"><a href=\"https:\/\/dre.pt\/application\/file\/491335\"><strong>D.L. N.\u00ba 281\/2009, 6 outubro<\/strong><\/a><br \/>Cria o Sistema Nacional de Interven\u00e7\u00e3o Precoce na Inf\u00e2ncia<\/p><p style=\"text-align: justify;\"><a href=\"https:\/\/dre.pt\/application\/file\/57531578\"><strong>Portaria N.\u00ba 192\/2014, 26 setembro<\/strong><\/a><br \/>Regula a cria\u00e7\u00e3o e manuten\u00e7\u00e3o da base de dados de registo do Sistema de Atribui\u00e7\u00e3o de Produtos de Apoio<\/p><p style=\"text-align: justify;\"><a href=\"https:\/\/dre.pt\/application\/file\/66536644\"><strong>Resolu\u00e7\u00e3o da Assembleia da Rep\u00fablica N.\u00ba 17\/2015, 19 fevereiro<\/strong><\/a><br \/>Aplica\u00e7\u00e3o das recomenda\u00e7\u00f5es do conselho nacional de educa\u00e7\u00e3o relativamente ao enquadramento legal da educa\u00e7\u00e3o especial<\/p><p style=\"text-align: justify;\"><a href=\"https:\/\/dre.pt\/application\/file\/67271120\"><strong>Despacho N.\u00ba 5291\/2015, 21 maio<\/strong><\/a><br \/>Estabelece a rede nacional de Centros de Recursos de Tecnologias de Informa\u00e7\u00e3o e Comunica\u00e7\u00e3o para a Educa\u00e7\u00e3o Especial (CRTIC) como centros prescritores de produtos de apoio do Minist\u00e9rio da Educa\u00e7\u00e3o e Ci\u00eancia no \u00e2mbito do Sistema de Atribui\u00e7\u00e3o de Produtos de Apoio (SAPA), as suas atribui\u00e7\u00f5es, constitui\u00e7\u00e3o e compet\u00eancias da equipa, bem como a responsabilidade pela monitoriza\u00e7\u00e3o da atividade destes Centros<\/p><p style=\"text-align: justify;\"><a href=\"https:\/\/dre.pt\/application\/file\/69773363\"><strong>Portaria N.\u00ba 201-C\/2015, 10 julho<\/strong><\/a><br \/>Regula o ensino de alunos com 15 ou mais anos de idade, com curr\u00edculo espec\u00edfico individual (CEI), em processo de transi\u00e7\u00e3o para a vida p\u00f3s-escolar, nos termos e para os efeitos conjugados dos artigos 14.\u00ba e 21.\u00ba do Decreto-Lei n.\u00ba 3\/2008, de 7 de janeiro, na sua reda\u00e7\u00e3o atual, e da Lei n.\u00ba 85\/2009, de 27 de agosto, regulada pelo Decreto-Lei n.\u00ba 176\/2012, de 2 de agosto, e revoga a Portaria n.\u00ba 275-A\/2012, de 11 de setembro<\/p><p style=\"text-align: justify;\"><strong><a href=\"https:\/\/dre.pt\/application\/file\/a\/74018030\" target=\"_blank\" rel=\"noopener\">Decreto-Lei n.\u00ba 17\/2016, de 4 de abril<\/a><\/strong><\/p><p style=\"text-align: justify;\">Procede \u00e0 terceira altera\u00e7\u00e3o ao Decreto-Lei n.\u00ba 139\/2012, que estabelece os princ\u00edpios orientadores da organiza\u00e7\u00e3o e da gest\u00e3o dos curr\u00edculos dos ensinos b\u00e1sico e secund\u00e1rio, da avalia\u00e7\u00e3o dos conhecimentos a adquirir e das capacidades a desenvolver pelos alunos e do processo de desenvolvimento do curr\u00edculo dos ensinos b\u00e1sico e secund\u00e1rio.<\/p><p style=\"text-align: justify;\"><a href=\"http:\/\/iave.pt\/np4\/file\/282\/Despacho_1_F_2016.pdf\"><strong>Despacho Normativo n.\u00ba 1-F\/2016, de 5 de abril<\/strong><\/a><br \/>Regulamenta o regime de avalia\u00e7\u00e3o e certifica\u00e7\u00e3o das aprendizagens desenvolvidas pelos alunos do ensino b\u00e1sico, bem como as medidas de promo\u00e7\u00e3o do sucesso educativo que podem ser adotadas no acompanhamento e desenvolvimento das aprendizagens.<\/p><p style=\"text-align: justify;\"><a href=\"https:\/\/dre.pt\/application\/file\/675110\"><strong>Portaria N.\u00ba 7617\/2016, 8 junho<\/strong><\/a><br \/>Cria um grupo de trabalho com o objetivo de apresentar um relat\u00f3rio com propostas de altera\u00e7\u00e3o ao Decreto -Lei n.\u00ba 3\/2008, de 7 de janeiro, alterado pela Lei n.\u00ba 21\/2008, de 12 de maio, e respetivo enquadramento regulamentador, incluindo os mecanismos de financiamento e de apoio, com vista \u00e0 implementa\u00e7\u00e3o de medidas que promovam maior inclus\u00e3o escolar dos alunos com necessidades educativas especiais.<\/p><\/div><div class=\"field__item even\"><a href=\"https:\/\/dre.pt\/application\/file\/a\/75171224\"><strong>Decreto Regulamentar n.\u00ba 3\/2016, de 23 de agosto<\/strong><\/a><\/div><div class=\"field__item even\" style=\"text-align: justify;\">Ajusta e aperfei\u00e7oa o regime do subs\u00eddio por frequ\u00eancia de estabelecimento de educa\u00e7\u00e3o especial, de modo a garantir uma harmoniza\u00e7\u00e3o de crit\u00e9rios no que respeita \u00e0 verifica\u00e7\u00e3o da comprova\u00e7\u00e3o da situa\u00e7\u00e3o de defici\u00eancia e da necessidade de frequ\u00eancia de estabelecimento de educa\u00e7\u00e3o especial ou de apoio individual especializado.<\/div><div class=\"field__item even\" style=\"text-align: justify;\"><p style=\"text-align: justify;\"><a href=\"http:\/\/proandee.weebly.com\/uploads\/1\/6\/4\/6\/16461788\/despachonormativo_1b_2017_matriculas_2017_18.pdf\" target=\"_blank\" rel=\"noopener\"><strong>Despacho Normativo n.\u00ba 1-B\/2017<\/strong><strong>, de 17 de abril<\/strong><\/a><\/p><p style=\"text-align: justify;\">Introduz altera\u00e7\u00f5es aos procedimentos de <strong>matr\u00edcula <\/strong>e renova\u00e7\u00e3o de matr\u00edcula e de<strong> distribui\u00e7\u00e3o de crian\u00e7as <\/strong>e<strong> constitui\u00e7\u00e3o de grupos<\/strong>.<\/p><p style=\"text-align: justify;\"><a href=\"https:\/\/dre.pt\/application\/conteudo\/115652961\"><strong>Decreto-Lei n.\u00ba 54\/2018, de 6 de julho<\/strong><\/a><\/p><p style=\"text-align: justify;\">Estabelece os princ\u00edpios e as normas que garantem uma escola inclusiva para todos.<\/p><\/div>\t\t\t\t\t<\/div>\n\t\t\t\t\t\t<\/div>\n\t\t\t\t<\/div>\n\t\t\t\t\t\t<\/div>\n\t\t\t\t\t<\/div>\n\t\t<\/div>\n\t\t\t\t\t\t\t\t<\/div>\n\t\t\t\t\t<\/div>\n\t\t<\/section>\n\t\t\t\t\t\t\t\t\t<\/div>\n\t\t\t<\/div>\n\t\t\t\t\t<\/div>\n\t\t","protected":false},"excerpt":{"rendered":"<p>Legisla\u00e7\u00e3o Pode consultar, aqui, a Legisla\u00e7\u00e3o mais relevante para a \u00e1rea da Educa\u00e7\u00e3o especial Portaria N.\u00ba 1102\/97, 3 novembroGarante as condi\u00e7\u00f5es de educa\u00e7\u00e3o para os alunos que frequentam as associa\u00e7\u00f5es e cooperativas de ensino especial Portaria N.\u00ba 1103\/97, 3 novembroGarante as condi\u00e7\u00f5es de educa\u00e7\u00e3o especial em estabelecimentos de ensino particular D.L. N.\u00ba 3\/2008, 7 janeiro\u00a0Define&#8230;<\/p>\n","protected":false},"author":2,"featured_media":0,"parent":0,"menu_order":0,"comment_status":"closed","ping_status":"closed","template":"","meta":[],"_links":{"self":[{"href":"https:\/\/refiil.esepf.pt\/index.php?rest_route=\/wp\/v2\/pages\/58"}],"collection":[{"href":"https:\/\/refiil.esepf.pt\/index.php?rest_route=\/wp\/v2\/pages"}],"about":[{"href":"https:\/\/refiil.esepf.pt\/index.php?rest_route=\/wp\/v2\/types\/page"}],"author":[{"embeddable":true,"href":"https:\/\/refiil.esepf.pt\/index.php?rest_route=\/wp\/v2\/users\/2"}],"replies":[{"embeddable":true,"href":"https:\/\/refiil.esepf.pt\/index.php?rest_route=%2Fwp%2Fv2%2Fcomments&post=58"}],"version-history":[{"count":41,"href":"https:\/\/refiil.esepf.pt\/index.php?rest_route=\/wp\/v2\/pages\/58\/revisions"}],"predecessor-version":[{"id":1785,"href":"https:\/\/refiil.esepf.pt\/index.php?rest_route=\/wp\/v2\/pages\/58\/revisions\/1785"}],"wp:attachment":[{"href":"https:\/\/refiil.esepf.pt\/index.php?rest_route=%2Fwp%2Fv2%2Fmedia&parent=58"}],"curies":[{"name":"wp","href":"https:\/\/api.w.org\/{rel}","templated":true}]}}