{"id":466,"date":"2017-06-29T20:31:51","date_gmt":"2017-06-29T20:31:51","guid":{"rendered":"https:\/\/refiil.esepf.pt\/?page_id=466"},"modified":"2017-06-29T20:42:47","modified_gmt":"2017-06-29T20:42:47","slug":"helena-serra","status":"publish","type":"page","link":"https:\/\/refiil.esepf.pt\/?page_id=466","title":{"rendered":"Helena Serra"},"content":{"rendered":"\t\t<div data-elementor-type=\"wp-page\" data-elementor-id=\"466\" class=\"elementor elementor-466 elementor-bc-flex-widget\">\n\t\t\t\t\t\t<div class=\"elementor-inner\">\n\t\t\t\t<div class=\"elementor-section-wrap\">\n\t\t\t\t\t\t\t\t\t<section class=\"elementor-section elementor-top-section elementor-element elementor-element-5qo6x5w elementor-section-boxed elementor-section-height-default elementor-section-height-default\" data-id=\"5qo6x5w\" data-element_type=\"section\">\n\t\t\t\t\t\t<div class=\"elementor-container elementor-column-gap-default\">\n\t\t\t\t\t\t\t<div class=\"elementor-row\">\n\t\t\t\t\t<div class=\"elementor-column elementor-col-100 elementor-top-column elementor-element elementor-element-cltaly6\" data-id=\"cltaly6\" data-element_type=\"column\">\n\t\t\t<div class=\"elementor-column-wrap elementor-element-populated\">\n\t\t\t\t\t\t\t<div class=\"elementor-widget-wrap\">\n\t\t\t\t\t\t<div class=\"elementor-element elementor-element-nzy6r4i elementor-widget elementor-widget-heading\" data-id=\"nzy6r4i\" data-element_type=\"widget\" data-widget_type=\"heading.default\">\n\t\t\t\t<div class=\"elementor-widget-container\">\n\t\t\t<h2 class=\"elementor-heading-title elementor-size-large\">Helena dos Anjos Serra Diogo Fernandes<\/h2>\t\t<\/div>\n\t\t\t\t<\/div>\n\t\t\t\t<div class=\"elementor-element elementor-element-fkvmfay elementor-widget elementor-widget-image\" data-id=\"fkvmfay\" data-element_type=\"widget\" data-widget_type=\"image.default\">\n\t\t\t\t<div class=\"elementor-widget-container\">\n\t\t\t\t\t\t\t\t<div class=\"elementor-image\">\n\t\t\t\t\t\t\t\t\t\t\t\t<img decoding=\"async\" width=\"250\" height=\"250\" src=\"https:\/\/refiil.esepf.pt\/wp-content\/uploads\/2017\/04\/GetResource.jpg\" class=\"attachment-medium size-medium\" alt=\"\" loading=\"lazy\" srcset=\"https:\/\/refiil.esepf.pt\/wp-content\/uploads\/2017\/04\/GetResource.jpg 250w, https:\/\/refiil.esepf.pt\/wp-content\/uploads\/2017\/04\/GetResource-150x150.jpg 150w\" sizes=\"(max-width: 250px) 100vw, 250px\" \/>\t\t\t\t\t\t\t\t\t\t\t\t\t\t<\/div>\n\t\t\t\t\t\t<\/div>\n\t\t\t\t<\/div>\n\t\t\t\t\t\t<\/div>\n\t\t\t\t\t<\/div>\n\t\t<\/div>\n\t\t\t\t\t\t\t\t<\/div>\n\t\t\t\t\t<\/div>\n\t\t<\/section>\n\t\t\t\t<section class=\"elementor-section elementor-top-section elementor-element elementor-element-03bqcny elementor-section-boxed elementor-section-height-default elementor-section-height-default\" data-id=\"03bqcny\" data-element_type=\"section\">\n\t\t\t\t\t\t<div class=\"elementor-container elementor-column-gap-default\">\n\t\t\t\t\t\t\t<div class=\"elementor-row\">\n\t\t\t\t\t<div class=\"elementor-column elementor-col-100 elementor-top-column elementor-element elementor-element-lgvc52q\" data-id=\"lgvc52q\" data-element_type=\"column\">\n\t\t\t<div class=\"elementor-column-wrap elementor-element-populated\">\n\t\t\t\t\t\t\t<div class=\"elementor-widget-wrap\">\n\t\t\t\t\t\t<div class=\"elementor-element elementor-element-gdtpjb6 elementor-tabs-view-horizontal elementor-widget elementor-widget-tabs\" data-id=\"gdtpjb6\" data-element_type=\"widget\" data-widget_type=\"tabs.default\">\n\t\t\t\t<div class=\"elementor-widget-container\">\n\t\t\t\t\t<div class=\"elementor-tabs\">\n\t\t\t<div class=\"elementor-tabs-wrapper\" role=\"tablist\" >\n\t\t\t\t\t\t\t\t\t<div id=\"elementor-tab-title-3511\" class=\"elementor-tab-title elementor-tab-desktop-title\" aria-selected=\"true\" data-tab=\"1\" role=\"tab\" tabindex=\"0\" aria-controls=\"elementor-tab-content-3511\" aria-expanded=\"false\"><a href=\"\">Biografia<\/a><\/div>\n\t\t\t\t\t\t\t\t\t<div id=\"elementor-tab-title-3512\" class=\"elementor-tab-title elementor-tab-desktop-title\" aria-selected=\"false\" data-tab=\"2\" role=\"tab\" tabindex=\"-1\" aria-controls=\"elementor-tab-content-3512\" aria-expanded=\"false\"><a href=\"\">Investiga\u00e7\u00e3o\/Publica\u00e7\u00f5es<\/a><\/div>\n\t\t\t\t\t\t\t<\/div>\n\t\t\t<div class=\"elementor-tabs-content-wrapper\" role=\"tablist\" aria-orientation=\"vertical\">\n\t\t\t\t\t\t\t\t\t<div class=\"elementor-tab-title elementor-tab-mobile-title\" aria-selected=\"true\" data-tab=\"1\" role=\"tab\" tabindex=\"0\" aria-controls=\"elementor-tab-content-3511\" aria-expanded=\"false\">Biografia<\/div>\n\t\t\t\t\t<div id=\"elementor-tab-content-3511\" class=\"elementor-tab-content elementor-clearfix\" data-tab=\"1\" role=\"tabpanel\" aria-labelledby=\"elementor-tab-title-3511\" tabindex=\"0\" hidden=\"false\"><h4><strong>Dados B\u00e1sicos de Identifica\u00e7\u00e3o<\/strong><\/h4><p><strong>Nome: <\/strong>Helena dos Anjos Serra Diogo Fernandes<\/p><p><strong>Forma\u00e7\u00e3o Acad\u00e9mica:\u00a0\u00a0<\/strong><\/p><ul><li>Doutorada em Estudos da Crian\u00e7a, dom\u00ednio da Educa\u00e7\u00e3o Especial, pela Universidade do Minho.<\/li><li>Licenciada em Direito pela Universidade de Coimbra. Advogada-Ordem dos Advogados, Conselho Distrital do Porto e ex-juiz social, no Tribunal de Fam\u00edlia e Menores do Porto, em representa\u00e7\u00e3o da ESEPF.<\/li><li>Professora do 1.\u00ba Ciclo de Ensino B\u00e1sico, pela Escola do Magist\u00e9rio Prim\u00e1rio de Coimbra.<\/li><li>Professora Especializada em Educa\u00e7\u00e3o Especial pelo Instituto Ant\u00f3nio Aur\u00e9lio da Costa Ferreira, em Lisboa.<\/li><li>Curso de p\u00f3s-gradua\u00e7\u00e3o em Educa\u00e7\u00e3o Especial pelo IAACF.<\/li><li>Curso de especializa\u00e7\u00e3o em Sobredota\u00e7\u00e3o pelo World Council for Gifted and Talent Children<\/li><\/ul><p><strong>Atividade profissional<\/strong><\/p><ul><li>Fundadora e Presidente da Dire\u00e7\u00e3o da DISLEX-Associa\u00e7\u00e3o Portuguesa de Dislexia, com sede no Porto.<\/li><li>Presidente da Assembleia Geral das APCS \u2013 Associa\u00e7\u00e3o Portuguesa de Crian\u00e7as Sobredotadas e Diretora do Centro T\u00e9cnico da APCS, com sede no Porto.<\/li><li>Coordenadora Nacional dos Projetos INVESTIR na CAPACIDADE, dirigido a alunos sobredotados, que decorre m Vila Nova de Gaia, Leiria, Nelas, Lisboa, Porto, Beja.<\/li><li>Coordenadora Nacional do Projeto PROMO\u00c7\u00c3O para o SUCESSO, dirigido a alunos com dislexia e outras PAE. Que decorre em v\u00e1rios Agrupamentos e Escolas ou Col\u00e9gios.<\/li><li>Na Escola Superior de Educa\u00e7\u00e3o de Paula Frassinetti (ESEPF) assume, desde 1990, nos cursos de forma\u00e7\u00e3o p\u00f3s-graduada \u2013 Mestrados e P\u00f3s-gradua\u00e7\u00f5es &#8211; em Educa\u00e7\u00e3o Especial dirigidos a Professores e Educadores, a Psic\u00f3logos e Terapeutas, etc. a leciona\u00e7\u00e3o de Unidades Curriculares no \u00e2mbito da avalia\u00e7\u00e3o e interven\u00e7\u00e3o em Dificuldades de Aprendizagem Espec\u00edficas, no \u00e2mbito da Organiza\u00e7\u00e3o e Administra\u00e7\u00e3o da Educa\u00e7\u00e3o Especial e \u00a0no \u00e2mbito da Sobredota\u00e7\u00e3o.<p>\u00a0<\/p><p><strong>\u00c1reas cient\u00edficas de investiga\u00e7\u00e3o:<\/strong><\/p><\/li><li>O Enquadramento Legal da Educa\u00e7\u00e3o Especial, a Dislexia, a Sobredota\u00e7\u00e3o.<\/li><li>Orientadora Cient\u00edfica de Projetos de Investiga\u00e7\u00e3o, Disserta\u00e7\u00f5es de Mestrado e Teses de Doutoramento na \u00e1rea da Dislexia, da ESEPF, da Universidade Cat\u00f3lica Portuguesa, da Universidade do Porto\/FADEUP e da Universidade de Ja\u00e9n, em Espanha.<\/li><li>Dirigiu a organiza\u00e7\u00e3o de reuni\u00f5es cient\u00edficas, nacionais e internacionais, no dom\u00ednio da Dislexia e da Sobredota\u00e7\u00e3o: Congressos Nacionais e Internacionais sobre Dislexia, e m\u00faltiplos Simp\u00f3sios ou Encontros Nacionais e Internacionais no \u00e2mbito da Sobredota\u00e7\u00e3o, com tem\u00e1ticas diversas.<\/li><\/ul><\/div>\n\t\t\t\t\t\t\t\t\t<div class=\"elementor-tab-title elementor-tab-mobile-title\" aria-selected=\"false\" data-tab=\"2\" role=\"tab\" tabindex=\"-1\" aria-controls=\"elementor-tab-content-3512\" aria-expanded=\"false\">Investiga\u00e7\u00e3o\/Publica\u00e7\u00f5es<\/div>\n\t\t\t\t\t<div id=\"elementor-tab-content-3512\" class=\"elementor-tab-content elementor-clearfix\" data-tab=\"2\" role=\"tabpanel\" aria-labelledby=\"elementor-tab-title-3512\" tabindex=\"0\" hidden=\"hidden\"><p>Autora de numerosos artigos relacionados com Dislexia e com Sobredota\u00e7\u00e3o e outro dom\u00ednios de estudos, publicados em revistas estrangeiras e nacionais:<\/p><ul><li>Cadernos de estudo n\u00ba 4 \u2013 2006 &#8211; <em>A rela\u00e7\u00e3o entre erro ortogr\u00e1fico e mem\u00f3ria<\/em>&#8211; ISSN 1645-9377 &#8211; n\u00ba 4 (2006), p.43-55;<\/li><li>Cadernos de estudo n\u00ba 5 \u2013 2007 &#8211; <em>Dislexia e perturba\u00e7\u00f5es associadas : mem\u00f3ria e aten\u00e7\u00e3o<\/em>\u00a0 &#8211; ISSN 1645-9377. &#8211; n\u00ba 5 (2007), p.93-115;<\/li><li><em>A mudan\u00e7a de atitude da escola face \u00e0 dislexia: uma quest\u00e3o de pol\u00edtica. <\/em>Cadernos da APDIS. Porto: APDIS, 2002, A.1, n.\u00ba1, p. 43.<\/li><\/ul><p>Para al\u00e9m dos referidos, est\u00e3o publicados, de sua autoria. numerosos outros artigos sobre tem\u00e1ticas da educa\u00e7\u00e3o especial:<\/p><ul><li>Lan\u00e7a, C., Serra, H.&amp; Prista, J (2014). Reading Performance in Children with Visual Function Anomalies. International\u00a0 Journal Ophthalmology and Clinical Research 1(1), 2-5. Dispon\u00edvel em: http:\/\/clinmedlibrary.com\/articles\/ijocr\/ijocr-1-001-reading-performance-in-children-with-visual-function-anomalies.pdf;<\/li><li>Lan\u00e7a, C., Serra, H. &amp;Prista, J.(2014).Strabismus, Visual Acuity, and\u00a0 Uncorrected Refractive Error in Portuguese Children Aged\u00a0 6 to 11 Years. Strabismus 22(3), 115\u2013119. DOI: 10.3109\/09273972.2014.932395, etc.<\/li><\/ul><p>Autora de v\u00e1rios livros sobre a organiza\u00e7\u00e3o da Educa\u00e7\u00e3o Especial:<\/p><ul><li>Serra, H. (2002). Educa\u00e7\u00e3o Especial: Integra\u00e7\u00e3o das Crian\u00e7as e Adapta\u00e7\u00e3o das Estruturas de Educa\u00e7\u00e3o. Braga: Edi\u00e7\u00f5es APPACDM Distrital de Braga. ISBN 972-8699-19-0.<\/li><\/ul><p>Aurora de livros de apoio ao trabalho direto com alunos com Dislexia:<\/p><ul><li><em>Cadernos de Reeduca\u00e7\u00e3o Pedag\u00f3gica \u2013 Dislexia 1, 2, 3, 4,<\/em> Porto Editora, 2001- ISBN 972-0-34552-7. ISBN 972-0-34553-5 : v.3. ISBN 972-0-34554-3 : v.4;<\/li><li><em>Avalia\u00e7\u00e3o e Diagn\u00f3stico das Dificuldades Espec\u00edficas de Aprendizagem<\/em> \u2013 Professores, Edi\u00e7\u00f5es Asa, Porto, 2005;<\/li><li><em>Avalia\u00e7\u00e3o e Diagn\u00f3stico das Dificuldades Espec\u00edficas de Aprendizagem<\/em> &#8211;\u00a0 Alunos, Edi\u00e7\u00f5es Asa, Porto, 2005 &#8211; ISBN 972-41-4121-7;<\/li><li><em>Cadernos de Reeduca\u00e7\u00e3o Pedag\u00f3gica \u2013 Dislexia 1, 2, 3, 4, 5, 6<\/em>, Porto Editora, 2008- ISBN 978-972-0-34561 a ISBN 978-972-0-34566;<\/li><li><em>Modelos de interven\u00e7\u00e3o em NEE :\u2026 dislexia<\/em>. Alfragide, Gailivro, 2009. ISBN 978-888-888-551-1;<\/li><li><em>Dislexia-Fichas de interven\u00e7\u00e3o pedag\u00f3gica 1, 2<\/em>. Porto Editora, 2015.<\/li><\/ul><p>Autora de v\u00e1rios livros de apoio ao trabalho de interven\u00e7\u00e3o dos professores com alunos sobredotados e tamb\u00e9m de apoio \u00e0 fam\u00edlia:<\/p><ul><li><em>Ser\u00e1 meu Filho Sobredotado?<\/em> Porto Editora, 2015.<\/li><\/ul><p>Numerosas entrevistas nos meios de Comunica\u00e7\u00e3o Social, tanto sobre o tema Sobredota\u00e7\u00e3o como sobre \u00a0Dislexia &#8211; RTP 1 e 2, TVI, RTP Internacional, Euronews, Jornal de Not\u00edcias, Jornal O P\u00fablico, Revista EDUCARE, Outras Revistas: Lux Woman, M\u00e1xima, Adolescente e muitas outras.<\/p><\/div>\n\t\t\t\t\t\t\t<\/div>\n\t\t<\/div>\n\t\t\t\t<\/div>\n\t\t\t\t<\/div>\n\t\t\t\t\t\t<\/div>\n\t\t\t\t\t<\/div>\n\t\t<\/div>\n\t\t\t\t\t\t\t\t<\/div>\n\t\t\t\t\t<\/div>\n\t\t<\/section>\n\t\t\t\t\t\t\t\t\t<\/div>\n\t\t\t<\/div>\n\t\t\t\t\t<\/div>\n\t\t","protected":false},"excerpt":{"rendered":"<p>Helena dos Anjos Serra Diogo Fernandes Biografia Investiga\u00e7\u00e3o\/Publica\u00e7\u00f5es Biografia Dados B\u00e1sicos de Identifica\u00e7\u00e3o Nome: Helena dos Anjos Serra Diogo Fernandes Forma\u00e7\u00e3o Acad\u00e9mica:\u00a0\u00a0 Doutorada em Estudos da Crian\u00e7a, dom\u00ednio da Educa\u00e7\u00e3o Especial, pela Universidade do Minho. Licenciada em Direito pela Universidade de Coimbra. Advogada-Ordem dos Advogados, Conselho Distrital do Porto e ex-juiz social, no Tribunal de&#8230;<\/p>\n","protected":false},"author":2,"featured_media":0,"parent":0,"menu_order":0,"comment_status":"closed","ping_status":"closed","template":"full-width-page.php","meta":[],"_links":{"self":[{"href":"https:\/\/refiil.esepf.pt\/index.php?rest_route=\/wp\/v2\/pages\/466"}],"collection":[{"href":"https:\/\/refiil.esepf.pt\/index.php?rest_route=\/wp\/v2\/pages"}],"about":[{"href":"https:\/\/refiil.esepf.pt\/index.php?rest_route=\/wp\/v2\/types\/page"}],"author":[{"embeddable":true,"href":"https:\/\/refiil.esepf.pt\/index.php?rest_route=\/wp\/v2\/users\/2"}],"replies":[{"embeddable":true,"href":"https:\/\/refiil.esepf.pt\/index.php?rest_route=%2Fwp%2Fv2%2Fcomments&post=466"}],"version-history":[{"count":3,"href":"https:\/\/refiil.esepf.pt\/index.php?rest_route=\/wp\/v2\/pages\/466\/revisions"}],"predecessor-version":[{"id":469,"href":"https:\/\/refiil.esepf.pt\/index.php?rest_route=\/wp\/v2\/pages\/466\/revisions\/469"}],"wp:attachment":[{"href":"https:\/\/refiil.esepf.pt\/index.php?rest_route=%2Fwp%2Fv2%2Fmedia&parent=466"}],"curies":[{"name":"wp","href":"https:\/\/api.w.org\/{rel}","templated":true}]}}