{"id":460,"date":"2017-06-29T20:13:26","date_gmt":"2017-06-29T20:13:26","guid":{"rendered":"https:\/\/refiil.esepf.pt\/?page_id=460"},"modified":"2017-06-29T20:26:54","modified_gmt":"2017-06-29T20:26:54","slug":"rui-ramalho","status":"publish","type":"page","link":"https:\/\/refiil.esepf.pt\/?page_id=460","title":{"rendered":"Rui Ramalho"},"content":{"rendered":"\t\t<div data-elementor-type=\"wp-page\" data-elementor-id=\"460\" class=\"elementor elementor-460 elementor-bc-flex-widget\">\n\t\t\t\t\t\t<div class=\"elementor-inner\">\n\t\t\t\t<div class=\"elementor-section-wrap\">\n\t\t\t\t\t\t\t\t\t<section class=\"elementor-section elementor-top-section elementor-element elementor-element-udydyhn elementor-section-boxed elementor-section-height-default elementor-section-height-default\" data-id=\"udydyhn\" data-element_type=\"section\">\n\t\t\t\t\t\t<div class=\"elementor-container elementor-column-gap-default\">\n\t\t\t\t\t\t\t<div class=\"elementor-row\">\n\t\t\t\t\t<div class=\"elementor-column elementor-col-100 elementor-top-column elementor-element elementor-element-cwphjhu\" data-id=\"cwphjhu\" data-element_type=\"column\">\n\t\t\t<div class=\"elementor-column-wrap elementor-element-populated\">\n\t\t\t\t\t\t\t<div class=\"elementor-widget-wrap\">\n\t\t\t\t\t\t<div class=\"elementor-element elementor-element-412jvtr elementor-widget elementor-widget-heading\" data-id=\"412jvtr\" data-element_type=\"widget\" data-widget_type=\"heading.default\">\n\t\t\t\t<div class=\"elementor-widget-container\">\n\t\t\t<h2 class=\"elementor-heading-title elementor-size-large\">Rui Ramalho<\/h2>\t\t<\/div>\n\t\t\t\t<\/div>\n\t\t\t\t<div class=\"elementor-element elementor-element-0wjieo6 elementor-widget elementor-widget-image\" data-id=\"0wjieo6\" data-element_type=\"widget\" data-widget_type=\"image.default\">\n\t\t\t\t<div class=\"elementor-widget-container\">\n\t\t\t\t\t\t\t\t<div class=\"elementor-image\">\n\t\t\t\t\t\t\t\t\t\t\t\t<img decoding=\"async\" width=\"225\" height=\"300\" src=\"https:\/\/refiil.esepf.pt\/wp-content\/uploads\/2017\/06\/2647077631189212-225x300.jpg\" class=\"attachment-medium size-medium\" alt=\"\" loading=\"lazy\" srcset=\"https:\/\/refiil.esepf.pt\/wp-content\/uploads\/2017\/06\/2647077631189212-225x300.jpg 225w, https:\/\/refiil.esepf.pt\/wp-content\/uploads\/2017\/06\/2647077631189212-768x1024.jpg 768w, https:\/\/refiil.esepf.pt\/wp-content\/uploads\/2017\/06\/2647077631189212-300x400.jpg 300w\" sizes=\"(max-width: 225px) 100vw, 225px\" \/>\t\t\t\t\t\t\t\t\t\t\t\t\t\t<\/div>\n\t\t\t\t\t\t<\/div>\n\t\t\t\t<\/div>\n\t\t\t\t\t\t<\/div>\n\t\t\t\t\t<\/div>\n\t\t<\/div>\n\t\t\t\t\t\t\t\t<\/div>\n\t\t\t\t\t<\/div>\n\t\t<\/section>\n\t\t\t\t<section class=\"elementor-section elementor-top-section elementor-element elementor-element-kar4s5m elementor-section-boxed elementor-section-height-default elementor-section-height-default\" data-id=\"kar4s5m\" data-element_type=\"section\">\n\t\t\t\t\t\t<div class=\"elementor-container elementor-column-gap-default\">\n\t\t\t\t\t\t\t<div class=\"elementor-row\">\n\t\t\t\t\t<div class=\"elementor-column elementor-col-100 elementor-top-column elementor-element elementor-element-m9yc4sq\" data-id=\"m9yc4sq\" data-element_type=\"column\">\n\t\t\t<div class=\"elementor-column-wrap elementor-element-populated\">\n\t\t\t\t\t\t\t<div class=\"elementor-widget-wrap\">\n\t\t\t\t\t\t<div class=\"elementor-element elementor-element-1fzf6uh elementor-tabs-view-horizontal elementor-widget elementor-widget-tabs\" data-id=\"1fzf6uh\" data-element_type=\"widget\" data-widget_type=\"tabs.default\">\n\t\t\t\t<div class=\"elementor-widget-container\">\n\t\t\t\t\t<div class=\"elementor-tabs\">\n\t\t\t<div class=\"elementor-tabs-wrapper\" role=\"tablist\" >\n\t\t\t\t\t\t\t\t\t<div id=\"elementor-tab-title-8181\" class=\"elementor-tab-title elementor-tab-desktop-title\" aria-selected=\"true\" data-tab=\"1\" role=\"tab\" tabindex=\"0\" aria-controls=\"elementor-tab-content-8181\" aria-expanded=\"false\"><a href=\"\">Biografia<\/a><\/div>\n\t\t\t\t\t\t\t\t\t<div id=\"elementor-tab-title-8182\" class=\"elementor-tab-title elementor-tab-desktop-title\" aria-selected=\"false\" data-tab=\"2\" role=\"tab\" tabindex=\"-1\" aria-controls=\"elementor-tab-content-8182\" aria-expanded=\"false\"><a href=\"\">Investiga\u00e7\u00e3o\/Publica\u00e7\u00f5es<\/a><\/div>\n\t\t\t\t\t\t\t<\/div>\n\t\t\t<div class=\"elementor-tabs-content-wrapper\" role=\"tablist\" aria-orientation=\"vertical\">\n\t\t\t\t\t\t\t\t\t<div class=\"elementor-tab-title elementor-tab-mobile-title\" aria-selected=\"true\" data-tab=\"1\" role=\"tab\" tabindex=\"0\" aria-controls=\"elementor-tab-content-8181\" aria-expanded=\"false\">Biografia<\/div>\n\t\t\t\t\t<div id=\"elementor-tab-content-8181\" class=\"elementor-tab-content elementor-clearfix\" data-tab=\"1\" role=\"tabpanel\" aria-labelledby=\"elementor-tab-title-8181\" tabindex=\"0\" hidden=\"false\"><h4><strong>Dados B\u00e1sicos de Identifica\u00e7\u00e3o<\/strong><\/h4><p><strong>Nome:\u00a0<\/strong>Rui Jo\u00e3o Teles da Silva Ramalho<\/p><p><strong>Forma\u00e7\u00e3o Acad\u00e9mica:\u00a0\u00a0<\/strong>\u00a0<\/p><ul><li>Licenciatura em Matem\u00e1tica \u2013 Ramo Cient\u00edfico: Especializa\u00e7\u00e3o em Computa\u00e7\u00e3o da Universidade de Coimbra<\/li><li>Mestrado em Matem\u00e1tica \/ Educa\u00e7\u00e3o da Universidade Portucalense<\/li><li>DEA em Perspectivas Did\u00e1cticas em \u00c1reas Curriculares da Universidade de Santiago de Compostela<\/li><li>Doutoramento em Ci\u00eancias da Educa\u00e7\u00e3o da Universidade de Vigo<\/li><\/ul><p><strong>Atividade profissional:<\/strong><\/p><ul><li>Professor Adjunto na Escola Superior de Educa\u00e7\u00e3o de Paula Frassinetti no departamento de Forma\u00e7\u00e3o de Professores<\/li><li>Coordenador da Unidade de Forma\u00e7\u00e3o em Tecnologias de Informa\u00e7\u00e3o e Comunica\u00e7\u00e3o e da P\u00f3s-Gradua\u00e7\u00e3o em TIC em contextos de Aprendizagem na Escola Superior de Educa\u00e7\u00e3o de Paula Frassinetti desde 2011<\/li><li>Coordenador do centro de eLearning da Escola Superior de Educa\u00e7\u00e3o de Paula Frassinetti desde 2011<\/li><li><p>Regente e respons\u00e1vel de v\u00e1rias unidades curriculares de matem\u00e1tica, did\u00e1tica da matem\u00e1tica e tecnologia educativa<\/p><\/li><li><p>Perito externo TEIP no Agrupamento de Escolas Marco de Canaveses desde 2014<\/p><\/li><li><p>Formador nas \u00e1reas de Matem\u00e1tica\/M\u00e9todos Quantitativos, Did\u00e1cticas Espec\u00edficas (Matem\u00e1tica) e Tecnologias Educativas<\/p><\/li><\/ul><\/div>\n\t\t\t\t\t\t\t\t\t<div class=\"elementor-tab-title elementor-tab-mobile-title\" aria-selected=\"false\" data-tab=\"2\" role=\"tab\" tabindex=\"-1\" aria-controls=\"elementor-tab-content-8182\" aria-expanded=\"false\">Investiga\u00e7\u00e3o\/Publica\u00e7\u00f5es<\/div>\n\t\t\t\t\t<div id=\"elementor-tab-content-8182\" class=\"elementor-tab-content elementor-clearfix\" data-tab=\"2\" role=\"tabpanel\" aria-labelledby=\"elementor-tab-title-8182\" tabindex=\"0\" hidden=\"hidden\"><p><strong>PROJETOS<\/strong><\/p><ul><li><strong>2015-2017:\u00a0<\/strong>Investigador do projeto Erasmus + CERTIC<\/li><li><strong>2013 -2016:\u00a0<\/strong>Consultor Cient\u00edfico do projeto Erasmus +\u00a0 \u201c I play maths\u201d<\/li><li><strong>2009-2012:\u00a0<\/strong>Investigador no projeto E-Teacher 2.0 \u2013 Empowering Teacher\u2019s ICT- Pedagogical Competencies<\/li><li><strong>2009-2010:\u00a0<\/strong>Plan de Acci\u00f3n Tutorial a trav\u00e9s de las TIC para Alumnado de movilidad \u2013 Universidade de Murcia<\/li><li><strong>2012-2014:\u00a0<\/strong>Tutoria Digital \u2013 ESEPF<\/li><\/ul><p><strong>COMUNICA\u00c7\u00d5ES:<\/strong><\/p><ul><li>V CONGRESO INTERNACIONAL. A FENDA DIXITAL: TIC, NEE, INCLUS\u00c3O E EQUIDADE<\/li><li><em>An\u00e1lise da comunica\u00e7\u00e3o, intera\u00e7\u00e3o e satisfa\u00e7\u00e3o entre professores de diferentes n\u00edveis de ensino em forma\u00e7\u00e3o mediada por LMS. <\/em>&#8211; 2016<\/li><li>Internet Segura \u2013 Escola B\u00e1sica da Prozela \u2013 2014<\/li><li>Instrumentos de Transdisciplinaridade usando o Moodle poss\u00edveis contributos de um espa\u00e7o formativo \u2013 U. Minho &#8211; 2013<\/li><li>E-learning na forma\u00e7\u00e3o de Professores &#8211; Instituto Polit\u00e9cnico do Porto -2011<\/li><li>E-leaning no ensino superior: a experi\u00eancia da ESE Paula Frassinetti \u2013 Nova Escola Galega \u2013 2008<\/li><li>Encontros Marcados, supervisionados, Avaliados:TIC em Contextos de Aprendizagem \u2013 U. Minho \u2013 2009<\/li><li>Matem\u00e1tica no Jardim de Inf\u00e2ncia com Livros Interactivos Multim\u00e9dia \u2013 Workshop \u2013 ESEPF &#8211; 2007<\/li><li>Explora\u00e7\u00e3o do MOODLE nos pressupostos de Bolonha:contributos do e-learning \u2013 Instituto Polit\u00e9cnico do Porto -2007<\/li><\/ul><p><strong>ARTIGOS:<\/strong><\/p><ul><li><strong>Ramalho, R.<\/strong>; Monteiro, F. (2016). Tri\u00e2ngulos e paralelogramos com o geogebra no 5.o ano. In C. Mesquita, M. V. Pires &amp; R. P. Lopes (Eds.), <em>Livro de atas do 1.o encontro internacional de forma\u00e7\u00e3o na doc\u00eancia, INCTE 2016. <\/em>Bragan\u00e7a, Portugal: Instituto Polit\u00e9cnico de Bragan\u00e7a.<\/li><li><strong>Ramalho, R<\/strong>.;Cid,X. (2015). \u201cEnsino\/Aprendizagem da estat\u00edstica promovendo o pensamento cr\u00edtico utilizando o f\u00f3rum de uma LMS<strong>\u201d. <\/strong>Revista de estudios e investigaci\u00f3n en psicolog\u00eda y educaci\u00f3n<strong>. Vol (13).<\/strong><\/li><li>Rodrigues, Elvira. <strong>Ramalho, R<\/strong>. (2013).\u201d Instrumentos de Transdisciplinaridade Usando O Moodle &#8211; Poss\u00edveis Contributos De Um Espa\u00e7o Formativo. In Atas do XII Congresso Internacional Galego-Portugu\u00eas de Psicopedagogia..ISBN: 978-989-8525-22-2. Braga: Universidade do Minho<\/li><li>Gon\u00e7alves, Daniela A. R; <strong>Ramalho, R<\/strong>. (2011). &#8220;E-learning no Ensino Superior: a experi\u00eancia da ESE de Paula Frassinetti&#8221;, Fern\u00e1ndez, X., Rodr\u00edguez Rodr\u00edguez, X. (Coords). A fenda dixital: as TIC, entre a escola e a comunidade. Coru\u00f1a: T\u00f3rculo Artes Gr\u00e1ficas. pp.319-328.<\/li><li><p><strong>RAMALHO, Rui<\/strong>; ALMEIDA, Celeste &#8211; A Intera\u00e7\u00e3o dos Professores com Pais de Crian\u00e7as com Defici\u00eancia Mental.Cadernos de Estudo. Porto: ESE de Paula Frassinetti. n\u00ba 5 (2007), p.47-57<\/p><\/li><\/ul><p><strong>Orienta\u00e7\u00e3o de projetos de Investiga\u00e7\u00e3o:<\/strong><\/p><ul><li>Cria\u00e7\u00e3o de recursos digitais para crian\u00e7as com Necessidades Educativas Especiais do Agrupamento de Escolas de Mindelo (2010)\u00a0<strong>http:\/\/hdl.handle.net\/20.500.11796\/856<\/strong><\/li><li>Atividades Multim\u00e9dia: Interven\u00e7\u00e3o em crian\u00e7as com discalculia (2008)<\/li><\/ul><p><strong>LIVROS<\/strong><\/p><p><em>Tecnologias \u00a0com Sentido<\/em> \u00a0ISBN: 978-989-98940-9-9<\/p><\/div>\n\t\t\t\t\t\t\t<\/div>\n\t\t<\/div>\n\t\t\t\t<\/div>\n\t\t\t\t<\/div>\n\t\t\t\t\t\t<\/div>\n\t\t\t\t\t<\/div>\n\t\t<\/div>\n\t\t\t\t\t\t\t\t<\/div>\n\t\t\t\t\t<\/div>\n\t\t<\/section>\n\t\t\t\t\t\t\t\t\t<\/div>\n\t\t\t<\/div>\n\t\t\t\t\t<\/div>\n\t\t","protected":false},"excerpt":{"rendered":"<p>Rui Ramalho Biografia Investiga\u00e7\u00e3o\/Publica\u00e7\u00f5es Biografia Dados B\u00e1sicos de Identifica\u00e7\u00e3o Nome:\u00a0Rui Jo\u00e3o Teles da Silva Ramalho Forma\u00e7\u00e3o Acad\u00e9mica:\u00a0\u00a0\u00a0 Licenciatura em Matem\u00e1tica \u2013 Ramo Cient\u00edfico: Especializa\u00e7\u00e3o em Computa\u00e7\u00e3o da Universidade de Coimbra Mestrado em Matem\u00e1tica \/ Educa\u00e7\u00e3o da Universidade Portucalense DEA em Perspectivas Did\u00e1cticas em \u00c1reas Curriculares da Universidade de Santiago de Compostela Doutoramento em Ci\u00eancias da&#8230;<\/p>\n","protected":false},"author":2,"featured_media":0,"parent":0,"menu_order":0,"comment_status":"closed","ping_status":"closed","template":"full-width-page.php","meta":[],"_links":{"self":[{"href":"https:\/\/refiil.esepf.pt\/index.php?rest_route=\/wp\/v2\/pages\/460"}],"collection":[{"href":"https:\/\/refiil.esepf.pt\/index.php?rest_route=\/wp\/v2\/pages"}],"about":[{"href":"https:\/\/refiil.esepf.pt\/index.php?rest_route=\/wp\/v2\/types\/page"}],"author":[{"embeddable":true,"href":"https:\/\/refiil.esepf.pt\/index.php?rest_route=\/wp\/v2\/users\/2"}],"replies":[{"embeddable":true,"href":"https:\/\/refiil.esepf.pt\/index.php?rest_route=%2Fwp%2Fv2%2Fcomments&post=460"}],"version-history":[{"count":3,"href":"https:\/\/refiil.esepf.pt\/index.php?rest_route=\/wp\/v2\/pages\/460\/revisions"}],"predecessor-version":[{"id":464,"href":"https:\/\/refiil.esepf.pt\/index.php?rest_route=\/wp\/v2\/pages\/460\/revisions\/464"}],"wp:attachment":[{"href":"https:\/\/refiil.esepf.pt\/index.php?rest_route=%2Fwp%2Fv2%2Fmedia&parent=460"}],"curies":[{"name":"wp","href":"https:\/\/api.w.org\/{rel}","templated":true}]}}