{"id":280,"date":"2017-06-17T02:38:05","date_gmt":"2017-06-17T02:38:05","guid":{"rendered":"https:\/\/refiil.esepf.pt\/?page_id=280"},"modified":"2022-07-03T19:00:29","modified_gmt":"2022-07-03T19:00:29","slug":"dados-estatisticos-ee","status":"publish","type":"page","link":"https:\/\/refiil.esepf.pt\/?page_id=280","title":{"rendered":"Dados Estat\u00edsticos EE"},"content":{"rendered":"\t\t<div data-elementor-type=\"wp-page\" data-elementor-id=\"280\" class=\"elementor elementor-280\">\n\t\t\t\t\t\t<div class=\"elementor-inner\">\n\t\t\t\t<div class=\"elementor-section-wrap\">\n\t\t\t\t\t\t\t\t\t<section class=\"elementor-section elementor-top-section elementor-element elementor-element-7ac1591d elementor-section-boxed elementor-section-height-default elementor-section-height-default\" data-id=\"7ac1591d\" data-element_type=\"section\">\n\t\t\t\t\t\t<div class=\"elementor-container elementor-column-gap-default\">\n\t\t\t\t\t\t\t<div class=\"elementor-row\">\n\t\t\t\t\t<div class=\"elementor-column elementor-col-100 elementor-top-column elementor-element elementor-element-3743d239\" data-id=\"3743d239\" data-element_type=\"column\">\n\t\t\t<div class=\"elementor-column-wrap elementor-element-populated\">\n\t\t\t\t\t\t\t<div class=\"elementor-widget-wrap\">\n\t\t\t\t\t\t<div class=\"elementor-element elementor-element-358efbc1 elementor-widget elementor-widget-heading\" data-id=\"358efbc1\" data-element_type=\"widget\" data-widget_type=\"heading.default\">\n\t\t\t\t<div class=\"elementor-widget-container\">\n\t\t\t<h2 class=\"elementor-heading-title elementor-size-default\"><h1><b>Dados estat\u00edsticos<\/b><\/h1><\/h2>\t\t<\/div>\n\t\t\t\t<\/div>\n\t\t\t\t\t\t<\/div>\n\t\t\t\t\t<\/div>\n\t\t<\/div>\n\t\t\t\t\t\t\t\t<\/div>\n\t\t\t\t\t<\/div>\n\t\t<\/section>\n\t\t\t\t<section class=\"elementor-section elementor-top-section elementor-element elementor-element-1e213ef0 elementor-section-boxed elementor-section-height-default elementor-section-height-default\" data-id=\"1e213ef0\" data-element_type=\"section\">\n\t\t\t\t\t\t<div class=\"elementor-container elementor-column-gap-default\">\n\t\t\t\t\t\t\t<div class=\"elementor-row\">\n\t\t\t\t\t<div class=\"elementor-column elementor-col-100 elementor-top-column elementor-element elementor-element-484471d3\" data-id=\"484471d3\" data-element_type=\"column\">\n\t\t\t<div class=\"elementor-column-wrap elementor-element-populated\">\n\t\t\t\t\t\t\t<div class=\"elementor-widget-wrap\">\n\t\t\t\t\t\t<div class=\"elementor-element elementor-element-5faad591 elementor-widget elementor-widget-text-editor\" data-id=\"5faad591\" data-element_type=\"widget\" data-widget_type=\"text-editor.default\">\n\t\t\t\t<div class=\"elementor-widget-container\">\n\t\t\t\t\t\t\t\t<div class=\"elementor-text-editor elementor-clearfix\">\n\t\t\t\t<p>\u00c9 extremamente importante, para o estudo e compreens\u00e3o da Educa\u00e7\u00e3o Especial, conhecer a realidade referente ao nosso pa\u00eds.<\/p><p>Para isso s\u00e3o disponibilizados os \u00faltimos dados estat\u00edsticos do INE, referentes \u00e0 Educa\u00e7\u00e3o Especial.<\/p><p>\u00a0<\/p><ul><li><b>Estat\u00edsticas<\/b><strong> NEE 2017-2018 &#8211; <a href=\"https:\/\/www.dgeec.mec.pt\/np4\/224\/%7B$clientServletPath%7D\/?newsId=334&amp;fileName=DGEEC_DSEE_DEEBS_2018_NEE1718.xlsx\"><em>Consultar documento<\/em><\/a><\/strong><\/li><li><b>Estat\u00edsticas<\/b><strong> NEE 2016-2017 &#8211; <a href=\"https:\/\/www.dgeec.mec.pt\/np4\/224\/%7B$clientServletPath%7D\/?newsId=334&amp;fileName=DGEEC_DSEE_DEEBS_2017_IL_NEE1.xlsx\"><em>Consultar documento<\/em><\/a><\/strong><\/li><li><b>Estat\u00edsticas<\/b><strong>\u00a0NEE\u00a02015-2016<\/strong> \u00a0&#8211; <a href=\"https:\/\/www.dgeec.mec.pt\/np4\/224\/%7B$clientServletPath%7D\/?newsId=334&amp;fileName=DGEEC_DSEE_DEEBS_2016_NEE1516_Final.xlsx\"><strong><em>Consultar documento<\/em><\/strong><\/a><\/li><li><strong>Estat\u00edsticas NEE 2014-2015<\/strong> &#8211;\u00a0<a href=\"https:\/\/www.dgeec.mec.pt\/np4\/224\/%7B$clientServletPath%7D\/?newsId=334&amp;fileName=DGEEC_DSEE_DEEBS_2015_NEE1415_Rev.xlsx\"><strong><em>Consultar documento<\/em><\/strong><\/a><\/li><li><strong>Estat\u00edsticas NEE 2013-2014<\/strong> &#8211; <a href=\"https:\/\/www.dgeec.mec.pt\/np4\/224\/%7B$clientServletPath%7D\/?newsId=334&amp;fileName=DGEEC_DSEE_DEEBS_2014_NEE1314.xlsx\"><strong><em>Consultar documento<\/em><\/strong><\/a><\/li><li><strong>Estat\u00edsticas NEE 2012-2013<\/strong> &#8211; <a href=\"https:\/\/www.dgeec.mec.pt\/np4\/224\/%7B$clientServletPath%7D\/?newsId=334&amp;fileName=DGEEC_DSEE_DEEBS_2014_IL_NEE12131.xlsx\"><strong><em>Consultar documento<\/em><\/strong><\/a><\/li><li><strong>Estat\u00edsticas NEE 2010-2011<\/strong> &#8211; <a href=\"https:\/\/www.dgeec.mec.pt\/np4\/224\/%7B$clientServletPath%7D\/?newsId=334&amp;fileName=DGEEC_DSEE_DEEBS_NEE10111.xlsx\"><strong><em>Consultar documento<\/em><\/strong><\/a><\/li><\/ul>\t\t\t\t\t<\/div>\n\t\t\t\t\t\t<\/div>\n\t\t\t\t<\/div>\n\t\t\t\t\t\t<\/div>\n\t\t\t\t\t<\/div>\n\t\t<\/div>\n\t\t\t\t\t\t\t\t<\/div>\n\t\t\t\t\t<\/div>\n\t\t<\/section>\n\t\t\t\t<section class=\"elementor-section elementor-top-section elementor-element elementor-element-1jvzad1 elementor-section-boxed elementor-section-height-default elementor-section-height-default\" data-id=\"1jvzad1\" data-element_type=\"section\">\n\t\t\t\t\t\t<div class=\"elementor-container elementor-column-gap-default\">\n\t\t\t\t\t\t\t<div class=\"elementor-row\">\n\t\t\t\t\t<div class=\"elementor-column elementor-col-100 elementor-top-column elementor-element elementor-element-iq72nq4\" data-id=\"iq72nq4\" data-element_type=\"column\">\n\t\t\t<div class=\"elementor-column-wrap elementor-element-populated\">\n\t\t\t\t\t\t\t<div class=\"elementor-widget-wrap\">\n\t\t\t\t\t\t<div class=\"elementor-element elementor-element-smpfjyz elementor-widget elementor-widget-text-editor\" data-id=\"smpfjyz\" data-element_type=\"widget\" data-widget_type=\"text-editor.default\">\n\t\t\t\t<div class=\"elementor-widget-container\">\n\t\t\t\t\t\t\t\t<div class=\"elementor-text-editor elementor-clearfix\">\n\t\t\t\t\t\t\t\t\t<\/div>\n\t\t\t\t\t\t<\/div>\n\t\t\t\t<\/div>\n\t\t\t\t<div class=\"elementor-element elementor-element-yraj41l elementor-widget elementor-widget-spacer\" data-id=\"yraj41l\" data-element_type=\"widget\" data-widget_type=\"spacer.default\">\n\t\t\t\t<div class=\"elementor-widget-container\">\n\t\t\t\t\t<div class=\"elementor-spacer\">\n\t\t\t<div class=\"elementor-spacer-inner\"><\/div>\n\t\t<\/div>\n\t\t\t\t<\/div>\n\t\t\t\t<\/div>\n\t\t\t\t<div class=\"elementor-element elementor-element-mhdyvmb elementor-widget elementor-widget-text-editor\" data-id=\"mhdyvmb\" data-element_type=\"widget\" data-widget_type=\"text-editor.default\">\n\t\t\t\t<div class=\"elementor-widget-container\">\n\t\t\t\t\t\t\t\t<div class=\"elementor-text-editor elementor-clearfix\">\n\t\t\t\t<p style=\"text-align: center;\"><strong>Crian\u00e7as e alunos com necessidades especiais de educa\u00e7\u00e3o, segundo as NUTS II e sexo, por tipo de estabelecimento escolar<\/strong><\/p>\t\t\t\t\t<\/div>\n\t\t\t\t\t\t<\/div>\n\t\t\t\t<\/div>\n\t\t\t\t<div class=\"elementor-element elementor-element-nlp78o6 elementor-widget elementor-widget-image\" data-id=\"nlp78o6\" data-element_type=\"widget\" data-widget_type=\"image.default\">\n\t\t\t\t<div class=\"elementor-widget-container\">\n\t\t\t\t\t\t\t\t<div class=\"elementor-image\">\n\t\t\t\t\t\t\t\t\t\t\t\t<img decoding=\"async\" width=\"1224\" height=\"460\" src=\"https:\/\/refiil.esepf.pt\/wp-content\/uploads\/2017\/06\/tabela1-e1498614183992.png\" class=\"attachment-post-thumbnail size-post-thumbnail\" alt=\"\" loading=\"lazy\" srcset=\"https:\/\/refiil.esepf.pt\/wp-content\/uploads\/2017\/06\/tabela1-e1498614183992.png 1224w, https:\/\/refiil.esepf.pt\/wp-content\/uploads\/2017\/06\/tabela1-e1498614183992-300x113.png 300w, https:\/\/refiil.esepf.pt\/wp-content\/uploads\/2017\/06\/tabela1-e1498614183992-768x289.png 768w, https:\/\/refiil.esepf.pt\/wp-content\/uploads\/2017\/06\/tabela1-e1498614183992-1024x385.png 1024w\" sizes=\"(max-width: 1224px) 100vw, 1224px\" \/>\t\t\t\t\t\t\t\t\t\t\t\t\t\t<\/div>\n\t\t\t\t\t\t<\/div>\n\t\t\t\t<\/div>\n\t\t\t\t\t\t<\/div>\n\t\t\t\t\t<\/div>\n\t\t<\/div>\n\t\t\t\t\t\t\t\t<\/div>\n\t\t\t\t\t<\/div>\n\t\t<\/section>\n\t\t\t\t\t\t\t\t\t<\/div>\n\t\t\t<\/div>\n\t\t\t\t\t<\/div>\n\t\t","protected":false},"excerpt":{"rendered":"<p>Dados estat\u00edsticos \u00c9 extremamente importante, para o estudo e compreens\u00e3o da Educa\u00e7\u00e3o Especial, conhecer a realidade referente ao nosso pa\u00eds. Para isso s\u00e3o disponibilizados os \u00faltimos dados estat\u00edsticos do INE, referentes \u00e0 Educa\u00e7\u00e3o Especial. \u00a0 Estat\u00edsticas NEE 2017-2018 &#8211; Consultar documento Estat\u00edsticas NEE 2016-2017 &#8211; Consultar documento Estat\u00edsticas\u00a0NEE\u00a02015-2016 \u00a0&#8211; Consultar documento Estat\u00edsticas NEE 2014-2015 &#8211;\u00a0Consultar&#8230;<\/p>\n","protected":false},"author":2,"featured_media":0,"parent":0,"menu_order":0,"comment_status":"closed","ping_status":"closed","template":"","meta":[],"_links":{"self":[{"href":"https:\/\/refiil.esepf.pt\/index.php?rest_route=\/wp\/v2\/pages\/280"}],"collection":[{"href":"https:\/\/refiil.esepf.pt\/index.php?rest_route=\/wp\/v2\/pages"}],"about":[{"href":"https:\/\/refiil.esepf.pt\/index.php?rest_route=\/wp\/v2\/types\/page"}],"author":[{"embeddable":true,"href":"https:\/\/refiil.esepf.pt\/index.php?rest_route=\/wp\/v2\/users\/2"}],"replies":[{"embeddable":true,"href":"https:\/\/refiil.esepf.pt\/index.php?rest_route=%2Fwp%2Fv2%2Fcomments&post=280"}],"version-history":[{"count":20,"href":"https:\/\/refiil.esepf.pt\/index.php?rest_route=\/wp\/v2\/pages\/280\/revisions"}],"predecessor-version":[{"id":1236,"href":"https:\/\/refiil.esepf.pt\/index.php?rest_route=\/wp\/v2\/pages\/280\/revisions\/1236"}],"wp:attachment":[{"href":"https:\/\/refiil.esepf.pt\/index.php?rest_route=%2Fwp%2Fv2%2Fmedia&parent=280"}],"curies":[{"name":"wp","href":"https:\/\/api.w.org\/{rel}","templated":true}]}}